{"id":2,"date":"2025-05-13T11:42:54","date_gmt":"2025-05-13T11:42:54","guid":{"rendered":"https:\/\/cafedelbulevard.rkinformatika.online\/?page_id=2"},"modified":"2025-06-05T11:21:17","modified_gmt":"2025-06-05T11:21:17","slug":"inicio","status":"publish","type":"page","link":"https:\/\/cafedelbulevard.com\/en\/","title":{"rendered":"Home"},"content":{"rendered":"<div data-elementor-type=\"wp-page\" data-elementor-id=\"2\" class=\"elementor elementor-2\" data-elementor-post-type=\"page\">\n\t\t\t\t<div class=\"elementor-element elementor-element-c727e8a e-con-full e-flex e-con e-parent\" data-id=\"c727e8a\" data-element_type=\"container\" data-e-type=\"container\" data-settings=\"{&quot;background_background&quot;:&quot;classic&quot;}\">\n\t\t<div class=\"elementor-element elementor-element-688be40 e-flex e-con-boxed e-con e-child\" data-id=\"688be40\" data-element_type=\"container\" data-e-type=\"container\" data-settings=\"{&quot;background_background&quot;:&quot;classic&quot;}\">\n\t\t\t\t\t<div class=\"e-con-inner\">\n\t\t\t\t<div class=\"elementor-element elementor-element-40fb07d elementor-invisible elementor-widget elementor-widget-heading\" data-id=\"40fb07d\" data-element_type=\"widget\" data-e-type=\"widget\" data-settings=\"{&quot;_animation&quot;:&quot;fadeInDown&quot;}\" data-widget_type=\"heading.default\">\n\t\t\t\t<div class=\"elementor-widget-container\">\n\t\t\t\t\t<h2 class=\"elementor-heading-title elementor-size-default\">Welcome to Caf\u00e9 del Bulevard<\/h2>\t\t\t\t<\/div>\n\t\t\t\t<\/div>\n\t\t\t\t<div class=\"elementor-element elementor-element-72ab64b elementor-invisible elementor-widget elementor-widget-heading\" data-id=\"72ab64b\" data-element_type=\"widget\" data-e-type=\"widget\" data-settings=\"{&quot;_animation&quot;:&quot;fadeInDown&quot;}\" data-widget_type=\"heading.default\">\n\t\t\t\t<div class=\"elementor-widget-container\">\n\t\t\t\t\t<h2 class=\"elementor-heading-title elementor-size-default\">A cozy corner with soul, where every morning tastes better.<\/h2>\t\t\t\t<\/div>\n\t\t\t\t<\/div>\n\t\t\t\t\t<\/div>\n\t\t\t\t<\/div>\n\t\t\t\t<\/div>\n\t\t<div class=\"elementor-element elementor-element-cfd7758 e-con-full e-flex e-con e-parent\" data-id=\"cfd7758\" data-element_type=\"container\" data-e-type=\"container\" data-settings=\"{&quot;background_background&quot;:&quot;classic&quot;}\">\n\t\t<div class=\"elementor-element elementor-element-5385188 e-con-full e-flex elementor-invisible e-con e-child\" data-id=\"5385188\" data-element_type=\"container\" data-e-type=\"container\" data-settings=\"{&quot;background_background&quot;:&quot;classic&quot;,&quot;animation&quot;:&quot;fadeIn&quot;}\">\n\t\t<div class=\"elementor-element elementor-element-38e6d2e e-con-full e-flex e-con e-child\" data-id=\"38e6d2e\" data-element_type=\"container\" data-e-type=\"container\" data-settings=\"{&quot;background_background&quot;:&quot;classic&quot;}\">\n\t\t\t\t<div class=\"elementor-element elementor-element-0558474 animated-slow elementor-invisible elementor-widget elementor-widget-heading\" data-id=\"0558474\" data-element_type=\"widget\" data-e-type=\"widget\" data-settings=\"{&quot;_animation&quot;:&quot;fadeIn&quot;}\" data-widget_type=\"heading.default\">\n\t\t\t\t<div class=\"elementor-widget-container\">\n\t\t\t\t\t<h2 class=\"elementor-heading-title elementor-size-default\"> Flavors that turn breakfast into a pleasure.<\/h2>\t\t\t\t<\/div>\n\t\t\t\t<\/div>\n\t\t\t\t<div class=\"elementor-element elementor-element-b2bebf7 elementor-widget elementor-widget-text-editor\" data-id=\"b2bebf7\" data-element_type=\"widget\" data-e-type=\"widget\" data-widget_type=\"text-editor.default\">\n\t\t\t\t<div class=\"elementor-widget-container\">\n\t\t\t\t\t\t\t\t\t<p data-start=\"311\" data-end=\"450\">For over 20 years, El Caf\u00e9 del Bulevard has been the cozy corner where every morning begins with the aroma of Italian coffee and freshly toasted bread.<\/p><p data-start=\"452\" data-end=\"648\">Located in the heart of Bulevard Cetina \u2014 with access from Radio Murcia Street and Cetina Square \u2014 this caf\u00e9 has become a local favorite thanks to its blend of tradition, quality, and warmth.<\/p><p data-start=\"650\" data-end=\"909\">Every day, from early morning until noon, we offer breakfasts featuring artisan bread, Italian and Spanish cold cuts, homemade pastries, and fresh juice.<br data-start=\"805\" data-end=\"808\" \/>A cozy space, full of flavor and warmth, that wins over everyone who visits\u2026 and keeps them coming back.<\/p>\t\t\t\t\t\t\t\t<\/div>\n\t\t\t\t<\/div>\n\t\t\t\t<\/div>\n\t\t\t\t<\/div>\n\t\t\t\t<\/div>\n\t\t<div class=\"elementor-element elementor-element-38051e2 e-flex e-con-boxed e-con e-parent\" data-id=\"38051e2\" data-element_type=\"container\" data-e-type=\"container\" data-settings=\"{&quot;background_background&quot;:&quot;classic&quot;}\">\n\t\t\t\t\t<div class=\"e-con-inner\">\n\t\t<div class=\"elementor-element elementor-element-85923dc e-con-full e-flex e-con e-child\" data-id=\"85923dc\" data-element_type=\"container\" data-e-type=\"container\" data-settings=\"{&quot;background_background&quot;:&quot;classic&quot;}\">\n\t\t\t\t<div class=\"elementor-element elementor-element-8a6e366 elementor-invisible elementor-widget elementor-widget-heading\" data-id=\"8a6e366\" data-element_type=\"widget\" data-e-type=\"widget\" data-settings=\"{&quot;_animation&quot;:&quot;fadeInDown&quot;}\" data-widget_type=\"heading.default\">\n\t\t\t\t<div class=\"elementor-widget-container\">\n\t\t\t\t\t<h2 class=\"elementor-heading-title elementor-size-default\">Artisan bread, pastries... and plenty of flavors waiting to be discovered.<\/h2>\t\t\t\t<\/div>\n\t\t\t\t<\/div>\n\t\t\t\t<div class=\"elementor-element elementor-element-b067cd1 elementor-align-center animated-slow elementor-invisible elementor-widget elementor-widget-button\" data-id=\"b067cd1\" data-element_type=\"widget\" data-e-type=\"widget\" data-settings=\"{&quot;_animation&quot;:&quot;fadeIn&quot;}\" data-widget_type=\"button.default\">\n\t\t\t\t<div class=\"elementor-widget-container\">\n\t\t\t\t\t\t\t\t\t<div class=\"elementor-button-wrapper\">\n\t\t\t\t\t<a class=\"elementor-button elementor-button-link elementor-size-sm\" href=\"https:\/\/cafedelbulevard.com\/en\/servicio\/\">\n\t\t\t\t\t\t<span class=\"elementor-button-content-wrapper\">\n\t\t\t\t\t\t\t\t\t<span class=\"elementor-button-text\">View Services<\/span>\n\t\t\t\t\t<\/span>\n\t\t\t\t\t<\/a>\n\t\t\t\t<\/div>\n\t\t\t\t\t\t\t\t<\/div>\n\t\t\t\t<\/div>\n\t\t\t\t<\/div>\n\t\t\t\t\t<\/div>\n\t\t\t\t<\/div>\n\t\t\t\t<\/div>","protected":false},"excerpt":{"rendered":"<p>Bienvenido a Caf\u00e9 del Bulevard Un rinc\u00f3n con alma donde cada ma\u00f1ana sabe mejor. Sabores que hacen del desayuno un placer Desde hace m\u00e1s de 20 a\u00f1os, El Caf\u00e9 del Bulevard es el rinc\u00f3n donde cada ma\u00f1ana comienza con aroma a caf\u00e9 italiano y pan reci\u00e9n tostado. Ubicado en pleno coraz\u00f3n del Bulevard Cetina \u2014con [&hellip;]<\/p>\n","protected":false},"author":1,"featured_media":0,"parent":0,"menu_order":0,"comment_status":"closed","ping_status":"closed","template":"elementor_canvas","meta":{"footnotes":""},"class_list":["post-2","page","type-page","status-publish","hentry"],"yoast_head":"<!-- This site is optimized with the Yoast SEO plugin v27.3 - https:\/\/yoast.com\/product\/yoast-seo-wordpress\/ -->\n<title>Inicio - Caf\u00e9 del Bulevard<\/title>\n<meta name=\"robots\" content=\"index, follow, max-snippet:-1, max-image-preview:large, max-video-preview:-1\" \/>\n<link rel=\"canonical\" href=\"https:\/\/cafedelbulevard.com\/en\/\" \/>\n<meta property=\"og:locale\" content=\"en_GB\" \/>\n<meta property=\"og:type\" content=\"article\" \/>\n<meta property=\"og:title\" content=\"Inicio - Caf\u00e9 del Bulevard\" \/>\n<meta property=\"og:description\" content=\"Bienvenido a Caf\u00e9 del Bulevard Un rinc\u00f3n con alma donde cada ma\u00f1ana sabe mejor. Sabores que hacen del desayuno un placer Desde hace m\u00e1s de 20 a\u00f1os, El Caf\u00e9 del Bulevard es el rinc\u00f3n donde cada ma\u00f1ana comienza con aroma a caf\u00e9 italiano y pan reci\u00e9n tostado. Ubicado en pleno coraz\u00f3n del Bulevard Cetina \u2014con [&hellip;]\" \/>\n<meta property=\"og:url\" content=\"https:\/\/cafedelbulevard.com\/en\/\" \/>\n<meta property=\"og:site_name\" content=\"Caf\u00e9 del Bulevard\" \/>\n<meta property=\"article:modified_time\" content=\"2025-06-05T11:21:17+00:00\" \/>\n<meta name=\"twitter:card\" content=\"summary_large_image\" \/>\n<meta name=\"twitter:label1\" content=\"Estimated reading time\" \/>\n\t<meta name=\"twitter:data1\" content=\"1 minute\" \/>\n<script type=\"application\/ld+json\" class=\"yoast-schema-graph\">{\"@context\":\"https:\\\/\\\/schema.org\",\"@graph\":[{\"@type\":\"WebPage\",\"@id\":\"https:\\\/\\\/cafedelbulevard.com\\\/\",\"url\":\"https:\\\/\\\/cafedelbulevard.com\\\/\",\"name\":\"Inicio - Caf\u00e9 del Bulevard\",\"isPartOf\":{\"@id\":\"https:\\\/\\\/cafedelbulevard.com\\\/#website\"},\"datePublished\":\"2025-05-13T11:42:54+00:00\",\"dateModified\":\"2025-06-05T11:21:17+00:00\",\"breadcrumb\":{\"@id\":\"https:\\\/\\\/cafedelbulevard.com\\\/#breadcrumb\"},\"inLanguage\":\"en-GB\",\"potentialAction\":[{\"@type\":\"ReadAction\",\"target\":[\"https:\\\/\\\/cafedelbulevard.com\\\/\"]}]},{\"@type\":\"BreadcrumbList\",\"@id\":\"https:\\\/\\\/cafedelbulevard.com\\\/#breadcrumb\",\"itemListElement\":[{\"@type\":\"ListItem\",\"position\":1,\"name\":\"Portada\",\"item\":\"https:\\\/\\\/cafedelbulevard.com\\\/\"},{\"@type\":\"ListItem\",\"position\":2,\"name\":\"Inicio\"}]},{\"@type\":\"WebSite\",\"@id\":\"https:\\\/\\\/cafedelbulevard.com\\\/#website\",\"url\":\"https:\\\/\\\/cafedelbulevard.com\\\/\",\"name\":\"Caf\u00e9 del Bulevard\",\"description\":\"Desde hace ya 22 a\u00f1os esta peque\u00f1a cafeter\u00eda con aroma y sabor italiano ha venido manteniendo una clientela que cada vez m\u00e1s amplia, permanece fiel a nuestro servicio y productos.\",\"publisher\":{\"@id\":\"https:\\\/\\\/cafedelbulevard.com\\\/#organization\"},\"potentialAction\":[{\"@type\":\"SearchAction\",\"target\":{\"@type\":\"EntryPoint\",\"urlTemplate\":\"https:\\\/\\\/cafedelbulevard.com\\\/?s={search_term_string}\"},\"query-input\":{\"@type\":\"PropertyValueSpecification\",\"valueRequired\":true,\"valueName\":\"search_term_string\"}}],\"inLanguage\":\"en-GB\"},{\"@type\":\"Organization\",\"@id\":\"https:\\\/\\\/cafedelbulevard.com\\\/#organization\",\"name\":\"Caf\u00e9 del Bulevard\",\"url\":\"https:\\\/\\\/cafedelbulevard.com\\\/\",\"logo\":{\"@type\":\"ImageObject\",\"inLanguage\":\"en-GB\",\"@id\":\"https:\\\/\\\/cafedelbulevard.com\\\/#\\\/schema\\\/logo\\\/image\\\/\",\"url\":\"https:\\\/\\\/cafedelbulevard.com\\\/wp-content\\\/uploads\\\/2025\\\/05\\\/1b-1.png\",\"contentUrl\":\"https:\\\/\\\/cafedelbulevard.com\\\/wp-content\\\/uploads\\\/2025\\\/05\\\/1b-1.png\",\"width\":440,\"height\":150,\"caption\":\"Caf\u00e9 del Bulevard\"},\"image\":{\"@id\":\"https:\\\/\\\/cafedelbulevard.com\\\/#\\\/schema\\\/logo\\\/image\\\/\"}}]}<\/script>\n<!-- \/ Yoast SEO plugin. -->","yoast_head_json":{"title":"Inicio - Caf\u00e9 del Bulevard","robots":{"index":"index","follow":"follow","max-snippet":"max-snippet:-1","max-image-preview":"max-image-preview:large","max-video-preview":"max-video-preview:-1"},"canonical":"https:\/\/cafedelbulevard.com\/en\/","og_locale":"en_GB","og_type":"article","og_title":"Inicio - Caf\u00e9 del Bulevard","og_description":"Bienvenido a Caf\u00e9 del Bulevard Un rinc\u00f3n con alma donde cada ma\u00f1ana sabe mejor. Sabores que hacen del desayuno un placer Desde hace m\u00e1s de 20 a\u00f1os, El Caf\u00e9 del Bulevard es el rinc\u00f3n donde cada ma\u00f1ana comienza con aroma a caf\u00e9 italiano y pan reci\u00e9n tostado. Ubicado en pleno coraz\u00f3n del Bulevard Cetina \u2014con [&hellip;]","og_url":"https:\/\/cafedelbulevard.com\/en\/","og_site_name":"Caf\u00e9 del Bulevard","article_modified_time":"2025-06-05T11:21:17+00:00","twitter_card":"summary_large_image","twitter_misc":{"Estimated reading time":"1 minute"},"schema":{"@context":"https:\/\/schema.org","@graph":[{"@type":"WebPage","@id":"https:\/\/cafedelbulevard.com\/","url":"https:\/\/cafedelbulevard.com\/","name":"Inicio - Caf\u00e9 del Bulevard","isPartOf":{"@id":"https:\/\/cafedelbulevard.com\/#website"},"datePublished":"2025-05-13T11:42:54+00:00","dateModified":"2025-06-05T11:21:17+00:00","breadcrumb":{"@id":"https:\/\/cafedelbulevard.com\/#breadcrumb"},"inLanguage":"en-GB","potentialAction":[{"@type":"ReadAction","target":["https:\/\/cafedelbulevard.com\/"]}]},{"@type":"BreadcrumbList","@id":"https:\/\/cafedelbulevard.com\/#breadcrumb","itemListElement":[{"@type":"ListItem","position":1,"name":"Portada","item":"https:\/\/cafedelbulevard.com\/"},{"@type":"ListItem","position":2,"name":"Inicio"}]},{"@type":"WebSite","@id":"https:\/\/cafedelbulevard.com\/#website","url":"https:\/\/cafedelbulevard.com\/","name":"Caf\u00e9 del Bulevard","description":"Desde hace ya 22 a\u00f1os esta peque\u00f1a cafeter\u00eda con aroma y sabor italiano ha venido manteniendo una clientela que cada vez m\u00e1s amplia, permanece fiel a nuestro servicio y productos.","publisher":{"@id":"https:\/\/cafedelbulevard.com\/#organization"},"potentialAction":[{"@type":"SearchAction","target":{"@type":"EntryPoint","urlTemplate":"https:\/\/cafedelbulevard.com\/?s={search_term_string}"},"query-input":{"@type":"PropertyValueSpecification","valueRequired":true,"valueName":"search_term_string"}}],"inLanguage":"en-GB"},{"@type":"Organization","@id":"https:\/\/cafedelbulevard.com\/#organization","name":"Caf\u00e9 del Bulevard","url":"https:\/\/cafedelbulevard.com\/","logo":{"@type":"ImageObject","inLanguage":"en-GB","@id":"https:\/\/cafedelbulevard.com\/#\/schema\/logo\/image\/","url":"https:\/\/cafedelbulevard.com\/wp-content\/uploads\/2025\/05\/1b-1.png","contentUrl":"https:\/\/cafedelbulevard.com\/wp-content\/uploads\/2025\/05\/1b-1.png","width":440,"height":150,"caption":"Caf\u00e9 del Bulevard"},"image":{"@id":"https:\/\/cafedelbulevard.com\/#\/schema\/logo\/image\/"}}]}},"_links":{"self":[{"href":"https:\/\/cafedelbulevard.com\/en\/wp-json\/wp\/v2\/pages\/2","targetHints":{"allow":["GET"]}}],"collection":[{"href":"https:\/\/cafedelbulevard.com\/en\/wp-json\/wp\/v2\/pages"}],"about":[{"href":"https:\/\/cafedelbulevard.com\/en\/wp-json\/wp\/v2\/types\/page"}],"author":[{"embeddable":true,"href":"https:\/\/cafedelbulevard.com\/en\/wp-json\/wp\/v2\/users\/1"}],"replies":[{"embeddable":true,"href":"https:\/\/cafedelbulevard.com\/en\/wp-json\/wp\/v2\/comments?post=2"}],"version-history":[{"count":145,"href":"https:\/\/cafedelbulevard.com\/en\/wp-json\/wp\/v2\/pages\/2\/revisions"}],"predecessor-version":[{"id":506,"href":"https:\/\/cafedelbulevard.com\/en\/wp-json\/wp\/v2\/pages\/2\/revisions\/506"}],"wp:attachment":[{"href":"https:\/\/cafedelbulevard.com\/en\/wp-json\/wp\/v2\/media?parent=2"}],"curies":[{"name":"wp","href":"https:\/\/api.w.org\/{rel}","templated":true}]}}